{"id":97,"date":"2020-03-20T07:27:56","date_gmt":"2020-03-20T07:27:56","guid":{"rendered":"http:\/\/ec-partenkirchen.de\/?page_id=97"},"modified":"2023-01-14T18:51:46","modified_gmt":"2023-01-14T18:51:46","slug":"ueber-uns","status":"publish","type":"page","link":"https:\/\/ec-partenkirchen.de\/?page_id=97","title":{"rendered":"\u00dcber Uns"},"content":{"rendered":"\n<p>Der EC-Partenkirchen wurde 1923 gegr\u00fcndet und ist aus dem damaligen Verkehrs- und Sportverein Partenkirchen entstanden.<\/p>\n\n\n\n<p>Solange die Rodelh\u00fctte am Gudiberg stand wurde auf den Tennispl\u00e4tzen und auf Natureisbahnen geschossen, da sich der ganze Wintersport, wie Skifahren, Rodeln und Eisschie\u00dfen dort abspielte. Auf dem Kainzenbadweiher wurde auch damals schon Wettk\u00e4mpfe durchgef\u00fchrt. Das damalige Vereinslokal war der Gasthof zur Linde.<\/p>\n\n\n\n<p>Im Jahre 1924 trat der EC-Partenkirchen in den Bayerischen Landessportverband ein.<\/p>\n\n\n\n<p>Da der ECP eine Unterabteilung des Verkehrs- und Sportvereines war, mussten die Einnahmen von den verschiedenen Eisschie\u00dfen an den Hauptverein abgef\u00fchrt werden. 1930 trennten sich die Eissch\u00fctzen vom Verkehrs- und Sportverein und wurden zum heutigen Eisstockclub Partenkirchen.<\/p>\n\n\n\n<p>1958 wurde erstmals der von der Marktgemeinde gestiftet B\u00fcrgermeister Georg Sch\u00fctte Pokal ausgetragen. Traditionell findet dieser am Dreik\u00f6nigstag statt, wobei der EC Mittenwald als erster Sieger hervorging.<\/p>\n\n\n\n<p>Von 1958 bis 1968 wurde das Eisschie\u00dfen im Schwimmbad Kainzenbad durchgef\u00fchrt.<\/p>\n\n\n\n<p>1967 wurde bei der Marktgemeinde Garmisch-Partenkirchen um \u00dcberlassung eines geeigneten Hartplatzes zur Errichtung eine Eisschie\u00dfanlage beantragt, und im Januar 1968 wurde das Gel\u00e4nde des alten Kainzenbad-Weihers zur Verf\u00fcgung gestellt und mit viel Handarbeit und Planierraupen wurde der Eis Platz geformt. Im November 1968 konnte f\u00fcr das eigene Vereinsheim und Ger\u00e4teschuppen Richtfest gefeiert werden.<\/p>\n\n\n\n<p>Am 09.02.1969 fand ein Er\u00f6ffnungsschie\u00dfen auf dem neuen Eis-Platz der Partenkirchner Vereine statt<\/p>\n\n\n\n<p>Vier Jahre nach der Erstellung des Eisplatzes f\u00fchrte der ECP am 16. September 1972 seine erstes Asphaltschie\u00dfen durch.<\/p>\n\n\n\n<p>1973 Sanierung des Eisplatzes<\/p>\n\n\n\n<p>1974 Erweiterungsbau des Vereinsheims<\/p>\n\n\n\n<p>1981 Asphaltbahnen renoviert<\/p>\n\n\n\n<p>1983 Erneuerung der Lichtanlage<\/p>\n\n\n\n<p>1984 Anbau eine Garage nebst Stockkammer und B\u00fcro<\/p>\n\n\n\n<p>1986 komplette Erneuerung die Asphaltbahnen<\/p>\n\n\n\n<p>1990 Installation der Metall-Fua\u00dfn am Eissplatz<\/p>\n\n\n\n<p>1992 Einzug der Technik, ein PC zur Mitgliederverwaltung wurde angeschafft<\/p>\n\n\n\n<p>Fortschreibung folgt<\/p>\n","protected":false},"excerpt":{"rendered":"<p>Der EC-Partenkirchen wurde 1923 gegr\u00fcndet und ist aus dem damaligen Verkehrs- und Sportverein Partenkirchen entstanden. Solange die Rodelh\u00fctte am Gudiberg stand wurde auf den Tennispl\u00e4tzen und auf Natureisbahnen geschossen, da sich der ganze Wintersport, wie Skifahren, Rodeln und Eisschie\u00dfen dort abspielte. Auf dem Kainzenbadweiher wurde auch damals schon Wettk\u00e4mpfe durchgef\u00fchrt. &hellip;<\/p>\n","protected":false},"author":1,"featured_media":0,"parent":0,"menu_order":0,"comment_status":"closed","ping_status":"closed","template":"","meta":{"footnotes":""},"class_list":["post-97","page","type-page","status-publish","hentry"],"yoast_head":"<!-- This site is optimized with the Yoast SEO plugin v27.3 - https:\/\/yoast.com\/product\/yoast-seo-wordpress\/ -->\n<title>\u00dcber Uns - EC-Partenkirchen<\/title>\n<meta name=\"description\" content=\"EC-Partenkirchen, Eisstockclub Partenkirchen\" \/>\n<meta name=\"robots\" content=\"index, follow, max-snippet:-1, max-image-preview:large, max-video-preview:-1\" \/>\n<link rel=\"canonical\" href=\"https:\/\/ec-partenkirchen.de\/?page_id=97\" \/>\n<meta property=\"og:locale\" content=\"de_DE\" \/>\n<meta property=\"og:type\" content=\"article\" \/>\n<meta property=\"og:title\" content=\"\u00dcber Uns - EC-Partenkirchen\" \/>\n<meta property=\"og:description\" content=\"EC-Partenkirchen, Eisstockclub Partenkirchen\" \/>\n<meta property=\"og:url\" content=\"https:\/\/ec-partenkirchen.de\/?page_id=97\" \/>\n<meta property=\"og:site_name\" content=\"EC-Partenkirchen\" \/>\n<meta property=\"article:modified_time\" content=\"2023-01-14T18:51:46+00:00\" \/>\n<meta name=\"twitter:card\" content=\"summary_large_image\" \/>\n<meta name=\"twitter:label1\" content=\"Gesch\u00e4tzte Lesezeit\" \/>\n\t<meta name=\"twitter:data1\" content=\"2\u00a0Minuten\" \/>\n<script type=\"application\/ld+json\" class=\"yoast-schema-graph\">{\"@context\":\"https:\\\/\\\/schema.org\",\"@graph\":[{\"@type\":\"WebPage\",\"@id\":\"https:\\\/\\\/ec-partenkirchen.de\\\/?page_id=97\",\"url\":\"https:\\\/\\\/ec-partenkirchen.de\\\/?page_id=97\",\"name\":\"\u00dcber Uns - EC-Partenkirchen\",\"isPartOf\":{\"@id\":\"https:\\\/\\\/ec-partenkirchen.de\\\/#website\"},\"datePublished\":\"2020-03-20T07:27:56+00:00\",\"dateModified\":\"2023-01-14T18:51:46+00:00\",\"description\":\"EC-Partenkirchen, Eisstockclub Partenkirchen\",\"breadcrumb\":{\"@id\":\"https:\\\/\\\/ec-partenkirchen.de\\\/?page_id=97#breadcrumb\"},\"inLanguage\":\"de\",\"potentialAction\":[{\"@type\":\"ReadAction\",\"target\":[\"https:\\\/\\\/ec-partenkirchen.de\\\/?page_id=97\"]}]},{\"@type\":\"BreadcrumbList\",\"@id\":\"https:\\\/\\\/ec-partenkirchen.de\\\/?page_id=97#breadcrumb\",\"itemListElement\":[{\"@type\":\"ListItem\",\"position\":1,\"name\":\"Startseite\",\"item\":\"https:\\\/\\\/ec-partenkirchen.de\\\/\"},{\"@type\":\"ListItem\",\"position\":2,\"name\":\"\u00dcber Uns\"}]},{\"@type\":\"WebSite\",\"@id\":\"https:\\\/\\\/ec-partenkirchen.de\\\/#website\",\"url\":\"https:\\\/\\\/ec-partenkirchen.de\\\/\",\"name\":\"EC-Partenkirchen\",\"description\":\"Eisstock-Club\",\"publisher\":{\"@id\":\"https:\\\/\\\/ec-partenkirchen.de\\\/#organization\"},\"potentialAction\":[{\"@type\":\"SearchAction\",\"target\":{\"@type\":\"EntryPoint\",\"urlTemplate\":\"https:\\\/\\\/ec-partenkirchen.de\\\/?s={search_term_string}\"},\"query-input\":{\"@type\":\"PropertyValueSpecification\",\"valueRequired\":true,\"valueName\":\"search_term_string\"}}],\"inLanguage\":\"de\"},{\"@type\":\"Organization\",\"@id\":\"https:\\\/\\\/ec-partenkirchen.de\\\/#organization\",\"name\":\"EC-Partenkirchen\",\"url\":\"https:\\\/\\\/ec-partenkirchen.de\\\/\",\"logo\":{\"@type\":\"ImageObject\",\"inLanguage\":\"de\",\"@id\":\"https:\\\/\\\/ec-partenkirchen.de\\\/#\\\/schema\\\/logo\\\/image\\\/\",\"url\":\"https:\\\/\\\/ec-partenkirchen.de\\\/wp-content\\\/uploads\\\/2020\\\/03\\\/cropped-EC-Partenkirchen-LOGO-180x180-1-1.png\",\"contentUrl\":\"https:\\\/\\\/ec-partenkirchen.de\\\/wp-content\\\/uploads\\\/2020\\\/03\\\/cropped-EC-Partenkirchen-LOGO-180x180-1-1.png\",\"width\":172,\"height\":180,\"caption\":\"EC-Partenkirchen\"},\"image\":{\"@id\":\"https:\\\/\\\/ec-partenkirchen.de\\\/#\\\/schema\\\/logo\\\/image\\\/\"}}]}<\/script>\n<!-- \/ Yoast SEO plugin. -->","yoast_head_json":{"title":"\u00dcber Uns - EC-Partenkirchen","description":"EC-Partenkirchen, Eisstockclub Partenkirchen","robots":{"index":"index","follow":"follow","max-snippet":"max-snippet:-1","max-image-preview":"max-image-preview:large","max-video-preview":"max-video-preview:-1"},"canonical":"https:\/\/ec-partenkirchen.de\/?page_id=97","og_locale":"de_DE","og_type":"article","og_title":"\u00dcber Uns - EC-Partenkirchen","og_description":"EC-Partenkirchen, Eisstockclub Partenkirchen","og_url":"https:\/\/ec-partenkirchen.de\/?page_id=97","og_site_name":"EC-Partenkirchen","article_modified_time":"2023-01-14T18:51:46+00:00","twitter_card":"summary_large_image","twitter_misc":{"Gesch\u00e4tzte Lesezeit":"2\u00a0Minuten"},"schema":{"@context":"https:\/\/schema.org","@graph":[{"@type":"WebPage","@id":"https:\/\/ec-partenkirchen.de\/?page_id=97","url":"https:\/\/ec-partenkirchen.de\/?page_id=97","name":"\u00dcber Uns - EC-Partenkirchen","isPartOf":{"@id":"https:\/\/ec-partenkirchen.de\/#website"},"datePublished":"2020-03-20T07:27:56+00:00","dateModified":"2023-01-14T18:51:46+00:00","description":"EC-Partenkirchen, Eisstockclub Partenkirchen","breadcrumb":{"@id":"https:\/\/ec-partenkirchen.de\/?page_id=97#breadcrumb"},"inLanguage":"de","potentialAction":[{"@type":"ReadAction","target":["https:\/\/ec-partenkirchen.de\/?page_id=97"]}]},{"@type":"BreadcrumbList","@id":"https:\/\/ec-partenkirchen.de\/?page_id=97#breadcrumb","itemListElement":[{"@type":"ListItem","position":1,"name":"Startseite","item":"https:\/\/ec-partenkirchen.de\/"},{"@type":"ListItem","position":2,"name":"\u00dcber Uns"}]},{"@type":"WebSite","@id":"https:\/\/ec-partenkirchen.de\/#website","url":"https:\/\/ec-partenkirchen.de\/","name":"EC-Partenkirchen","description":"Eisstock-Club","publisher":{"@id":"https:\/\/ec-partenkirchen.de\/#organization"},"potentialAction":[{"@type":"SearchAction","target":{"@type":"EntryPoint","urlTemplate":"https:\/\/ec-partenkirchen.de\/?s={search_term_string}"},"query-input":{"@type":"PropertyValueSpecification","valueRequired":true,"valueName":"search_term_string"}}],"inLanguage":"de"},{"@type":"Organization","@id":"https:\/\/ec-partenkirchen.de\/#organization","name":"EC-Partenkirchen","url":"https:\/\/ec-partenkirchen.de\/","logo":{"@type":"ImageObject","inLanguage":"de","@id":"https:\/\/ec-partenkirchen.de\/#\/schema\/logo\/image\/","url":"https:\/\/ec-partenkirchen.de\/wp-content\/uploads\/2020\/03\/cropped-EC-Partenkirchen-LOGO-180x180-1-1.png","contentUrl":"https:\/\/ec-partenkirchen.de\/wp-content\/uploads\/2020\/03\/cropped-EC-Partenkirchen-LOGO-180x180-1-1.png","width":172,"height":180,"caption":"EC-Partenkirchen"},"image":{"@id":"https:\/\/ec-partenkirchen.de\/#\/schema\/logo\/image\/"}}]}},"_links":{"self":[{"href":"https:\/\/ec-partenkirchen.de\/index.php?rest_route=\/wp\/v2\/pages\/97","targetHints":{"allow":["GET"]}}],"collection":[{"href":"https:\/\/ec-partenkirchen.de\/index.php?rest_route=\/wp\/v2\/pages"}],"about":[{"href":"https:\/\/ec-partenkirchen.de\/index.php?rest_route=\/wp\/v2\/types\/page"}],"author":[{"embeddable":true,"href":"https:\/\/ec-partenkirchen.de\/index.php?rest_route=\/wp\/v2\/users\/1"}],"replies":[{"embeddable":true,"href":"https:\/\/ec-partenkirchen.de\/index.php?rest_route=%2Fwp%2Fv2%2Fcomments&post=97"}],"version-history":[{"count":8,"href":"https:\/\/ec-partenkirchen.de\/index.php?rest_route=\/wp\/v2\/pages\/97\/revisions"}],"predecessor-version":[{"id":609,"href":"https:\/\/ec-partenkirchen.de\/index.php?rest_route=\/wp\/v2\/pages\/97\/revisions\/609"}],"wp:attachment":[{"href":"https:\/\/ec-partenkirchen.de\/index.php?rest_route=%2Fwp%2Fv2%2Fmedia&parent=97"}],"curies":[{"name":"wp","href":"https:\/\/api.w.org\/{rel}","templated":true}]}}